{"id":526,"date":"2024-08-17T01:39:57","date_gmt":"2024-08-16T23:39:57","guid":{"rendered":"https:\/\/j-flows.ch\/?post_type=product&#038;p=526"},"modified":"2024-08-18T00:16:41","modified_gmt":"2024-08-17T22:16:41","slug":"1x-lecon-dessai","status":"publish","type":"product","link":"https:\/\/j-flows.ch\/fr\/produit\/1x-lecon-dessai\/","title":{"rendered":"1x le\u00e7on d'essai"},"content":{"rendered":"<h1><strong>1x le\u00e7on d'essai <\/strong><\/h1>","protected":false},"excerpt":{"rendered":"<p>**Le\u00e7on d'essai gratuite Pilatesflows sur j-flows.ch**<\/p>\n<p>Profite de l'occasion pour d\u00e9couvrir les Pilatesflows lors d'une le\u00e7on d'essai gratuite ! En 60 minutes, tu peux d\u00e9couvrir sans engagement les effets positifs du Pilates et constater comment cet entra\u00eenement renforce ta musculature, am\u00e9liore ta flexibilit\u00e9 et favorise ton \u00e9quilibre int\u00e9rieur. Cette le\u00e7on d'essai est l'occasion id\u00e9ale de d\u00e9couvrir Pilatesflows avant de d\u00e9cider de t'inscrire \u00e0 d'autres s\u00e9ances.<\/p>\n<p>**Indice important:**<br \/>\nApr\u00e8s avoir effectu\u00e9 ta r\u00e9servation, merci d'envoyer un e-mail \u00e0 getfit@j-flows.ch pour fixer ton rendez-vous et commencer ta formation gratuite.<\/p>","protected":false},"featured_media":579,"comment_status":"open","ping_status":"closed","template":"","meta":{"iawp_total_views":60},"product_brand":[],"product_cat":[17],"product_tag":[],"class_list":{"0":"post-526","1":"product","2":"type-product","3":"status-publish","4":"has-post-thumbnail","6":"product_cat-angebot","8":"first","9":"instock","10":"virtual","11":"sold-individually","12":"taxable","13":"purchasable","14":"product-type-simple","15":"add-to-wishlist-after_add_to_cart"},"_links":{"self":[{"href":"https:\/\/j-flows.ch\/fr\/wp-json\/wp\/v2\/product\/526","targetHints":{"allow":["GET"]}}],"collection":[{"href":"https:\/\/j-flows.ch\/fr\/wp-json\/wp\/v2\/product"}],"about":[{"href":"https:\/\/j-flows.ch\/fr\/wp-json\/wp\/v2\/types\/product"}],"replies":[{"embeddable":true,"href":"https:\/\/j-flows.ch\/fr\/wp-json\/wp\/v2\/comments?post=526"}],"wp:featuredmedia":[{"embeddable":true,"href":"https:\/\/j-flows.ch\/fr\/wp-json\/wp\/v2\/media\/579"}],"wp:attachment":[{"href":"https:\/\/j-flows.ch\/fr\/wp-json\/wp\/v2\/media?parent=526"}],"wp:term":[{"taxonomy":"product_brand","embeddable":true,"href":"https:\/\/j-flows.ch\/fr\/wp-json\/wp\/v2\/product_brand?post=526"},{"taxonomy":"product_cat","embeddable":true,"href":"https:\/\/j-flows.ch\/fr\/wp-json\/wp\/v2\/product_cat?post=526"},{"taxonomy":"product_tag","embeddable":true,"href":"https:\/\/j-flows.ch\/fr\/wp-json\/wp\/v2\/product_tag?post=526"}],"curies":[{"name":"wp","href":"https:\/\/api.w.org\/{rel}","templated":true}]}}