{"id":524,"date":"2024-08-17T01:37:14","date_gmt":"2024-08-16T23:37:14","guid":{"rendered":"https:\/\/j-flows.ch\/?post_type=product&#038;p=524"},"modified":"2024-08-18T00:05:52","modified_gmt":"2024-08-17T22:05:52","slug":"abonnement-10-etudiants","status":"publish","type":"product","link":"https:\/\/j-flows.ch\/fr\/produit\/abonnement-10-etudiants\/","title":{"rendered":"Abonnement de 10 \u00e9tudiants"},"content":{"rendered":"<h1><strong>Abonnement de 10 \u00e9tudiants <\/strong><\/h1>","protected":false},"excerpt":{"rendered":"<p>&nbsp;<\/p>\n<ul>\n<li>Contient 10 unit\u00e9s de 60 minutes<\/li>\n<li>Guide professionnel pour l'activation de la musculature profonde<\/li>\n<li>Optimisation de la posture et am\u00e9lioration de la flexibilit\u00e9<\/li>\n<li>Id\u00e9al pour les d\u00e9butants et les avanc\u00e9s<\/li>\n<li>Organisation flexible de la formation et progr\u00e8s continus<\/li>\n<li>Promotion de l'\u00e9quilibre int\u00e9rieur et de la d\u00e9tente mentale<\/li>\n<\/ul>\n<p>Profite de l'abonnement sp\u00e9cial de 10 s\u00e9ances pour \u00e9tudiants et d\u00e9couvre les Pilatesflows \u00e0 un prix r\u00e9duit. Pour seulement 220 CHF, tu b\u00e9n\u00e9ficies de 10 s\u00e9ances de 60 minutes qui t'aideront \u00e0 renforcer ta musculature, \u00e0 am\u00e9liorer ta flexibilit\u00e9 et \u00e0 r\u00e9duire ton stress. Cette offre est parfaite pour les \u00e9tudiants qui souhaitent prendre soin de leur sant\u00e9 et de leur bien-\u00eatre tout en poursuivant leurs \u00e9tudes. Flexible, efficace et adapt\u00e9 \u00e0 tes besoins, Pilates Flows apporte de l'\u00e9quilibre dans ton quotidien.<\/p>\n<p>**Indice important:**<br \/>\nApr\u00e8s avoir pass\u00e9 ta commande, merci de t'inscrire par e-mail \u00e0 getfit@j-flows.ch pour commencer ton entra\u00eenement.<\/p>","protected":false},"featured_media":521,"comment_status":"open","ping_status":"closed","template":"","meta":{"iawp_total_views":309},"product_brand":[],"product_cat":[17],"product_tag":[],"class_list":{"0":"post-524","1":"product","2":"type-product","3":"status-publish","4":"has-post-thumbnail","6":"product_cat-angebot","8":"first","9":"instock","10":"virtual","11":"sold-individually","12":"taxable","13":"purchasable","14":"product-type-simple","15":"add-to-wishlist-after_add_to_cart"},"_links":{"self":[{"href":"https:\/\/j-flows.ch\/fr\/wp-json\/wp\/v2\/product\/524","targetHints":{"allow":["GET"]}}],"collection":[{"href":"https:\/\/j-flows.ch\/fr\/wp-json\/wp\/v2\/product"}],"about":[{"href":"https:\/\/j-flows.ch\/fr\/wp-json\/wp\/v2\/types\/product"}],"replies":[{"embeddable":true,"href":"https:\/\/j-flows.ch\/fr\/wp-json\/wp\/v2\/comments?post=524"}],"wp:featuredmedia":[{"embeddable":true,"href":"https:\/\/j-flows.ch\/fr\/wp-json\/wp\/v2\/media\/521"}],"wp:attachment":[{"href":"https:\/\/j-flows.ch\/fr\/wp-json\/wp\/v2\/media?parent=524"}],"wp:term":[{"taxonomy":"product_brand","embeddable":true,"href":"https:\/\/j-flows.ch\/fr\/wp-json\/wp\/v2\/product_brand?post=524"},{"taxonomy":"product_cat","embeddable":true,"href":"https:\/\/j-flows.ch\/fr\/wp-json\/wp\/v2\/product_cat?post=524"},{"taxonomy":"product_tag","embeddable":true,"href":"https:\/\/j-flows.ch\/fr\/wp-json\/wp\/v2\/product_tag?post=524"}],"curies":[{"name":"wp","href":"https:\/\/api.w.org\/{rel}","templated":true}]}}