{"id":523,"date":"2024-08-17T01:36:13","date_gmt":"2024-08-16T23:36:13","guid":{"rendered":"https:\/\/j-flows.ch\/?post_type=product&#038;p=523"},"modified":"2024-08-18T00:06:39","modified_gmt":"2024-08-17T22:06:39","slug":"abonnement-10-voyages-seniors-65","status":"publish","type":"product","link":"https:\/\/j-flows.ch\/fr\/produit\/abonnement-10-voyages-seniors-65\/","title":{"rendered":"10er Abo Senioren (+65)"},"content":{"rendered":"<h1><strong>10er Abo Senioren (+65) <\/strong><\/h1>","protected":false},"excerpt":{"rendered":"<p>&nbsp;<\/p>\n<ul>\n<li>Contient 10 unit\u00e9s de 60 minutes<\/li>\n<li>Guide professionnel pour l'activation de la musculature profonde<\/li>\n<li>Optimisation de la posture et am\u00e9lioration de la flexibilit\u00e9<\/li>\n<li>Promotion de l'\u00e9quilibre int\u00e9rieur et de la d\u00e9tente mentale<\/li>\n<\/ul>\n<p>Favorise ta sant\u00e9 et ta vitalit\u00e9 gr\u00e2ce \u00e0 notre abonnement sp\u00e9cial de 10 s\u00e9ances pour les seniors de 65 ans et plus. Pour seulement 220 CHF, tu b\u00e9n\u00e9ficies de 10 s\u00e9ances de 60 minutes chacune, adapt\u00e9es de mani\u00e8re cibl\u00e9e aux besoins des personnes \u00e2g\u00e9es. Cet entra\u00eenement renforce en douceur la musculature, am\u00e9liore la mobilit\u00e9 et soutient l'\u00e9quilibre - id\u00e9al pour rester actif et en forme. Profite des avantages du Pilatesflows dans un environnement s\u00fbr et soutenant, qui r\u00e9pond \u00e0 tes besoins individuels.<\/p>\n<p>**Indice important:**<br \/>\nApr\u00e8s avoir pass\u00e9 ta commande, merci de t'inscrire par e-mail \u00e0 getfit@j-flows.ch pour commencer ton entra\u00eenement.<\/p>","protected":false},"featured_media":520,"comment_status":"open","ping_status":"closed","template":"","meta":{"iawp_total_views":13},"product_brand":[],"product_cat":[17],"product_tag":[],"class_list":{"0":"post-523","1":"product","2":"type-product","3":"status-publish","4":"has-post-thumbnail","6":"product_cat-angebot","8":"first","9":"instock","10":"virtual","11":"sold-individually","12":"taxable","13":"purchasable","14":"product-type-simple","15":"add-to-wishlist-after_add_to_cart"},"_links":{"self":[{"href":"https:\/\/j-flows.ch\/fr\/wp-json\/wp\/v2\/product\/523","targetHints":{"allow":["GET"]}}],"collection":[{"href":"https:\/\/j-flows.ch\/fr\/wp-json\/wp\/v2\/product"}],"about":[{"href":"https:\/\/j-flows.ch\/fr\/wp-json\/wp\/v2\/types\/product"}],"replies":[{"embeddable":true,"href":"https:\/\/j-flows.ch\/fr\/wp-json\/wp\/v2\/comments?post=523"}],"wp:featuredmedia":[{"embeddable":true,"href":"https:\/\/j-flows.ch\/fr\/wp-json\/wp\/v2\/media\/520"}],"wp:attachment":[{"href":"https:\/\/j-flows.ch\/fr\/wp-json\/wp\/v2\/media?parent=523"}],"wp:term":[{"taxonomy":"product_brand","embeddable":true,"href":"https:\/\/j-flows.ch\/fr\/wp-json\/wp\/v2\/product_brand?post=523"},{"taxonomy":"product_cat","embeddable":true,"href":"https:\/\/j-flows.ch\/fr\/wp-json\/wp\/v2\/product_cat?post=523"},{"taxonomy":"product_tag","embeddable":true,"href":"https:\/\/j-flows.ch\/fr\/wp-json\/wp\/v2\/product_tag?post=523"}],"curies":[{"name":"wp","href":"https:\/\/api.w.org\/{rel}","templated":true}]}}