{"id":478,"date":"2024-08-12T13:02:48","date_gmt":"2024-08-12T11:02:48","guid":{"rendered":"https:\/\/j-flows.ch\/?post_type=product&#038;p=478"},"modified":"2025-02-01T11:48:59","modified_gmt":"2025-02-01T10:48:59","slug":"abonnement-de-10","status":"publish","type":"product","link":"https:\/\/j-flows.ch\/fr\/produit\/abonnement-de-10\/","title":{"rendered":"Abonnement de 10 Pilatesflows"},"content":{"rendered":"<p><strong>Abonnement de 10 Pilatesflows sur j-flows.ch<\/strong><\/p>\n<p>D\u00e9couvre le pouvoir de transformation des Pilatesflows gr\u00e2ce \u00e0 notre abonnement de 10 s\u00e9ances sur j-flows.ch. L'abonnement comprend 10 s\u00e9ances de 60 minutes, r\u00e9alis\u00e9es sous la direction de professionnels. Tu b\u00e9n\u00e9ficieras d'un renforcement musculaire en profondeur, d'une meilleure posture et d'une flexibilit\u00e9 accrue. Que tu sois d\u00e9butant ou avanc\u00e9, l'entra\u00eenement flexible s'adapte \u00e0 tes besoins et favorise ton \u00e9quilibre int\u00e9rieur et ta d\u00e9tente mentale - le tout \u00e0 un prix attractif.<\/p>","protected":false},"excerpt":{"rendered":"<p>&nbsp;<\/p>\n<ul>\n<li>Contient 10 unit\u00e9s de 60 minutes<\/li>\n<li>Guide professionnel pour l'activation de la musculature profonde<\/li>\n<li>Optimisation de la posture et am\u00e9lioration de la flexibilit\u00e9<\/li>\n<li>Id\u00e9al pour les d\u00e9butants et les avanc\u00e9s<\/li>\n<li>Organisation flexible de la formation et progr\u00e8s continus<\/li>\n<li>Promotion de l'\u00e9quilibre int\u00e9rieur et de la d\u00e9tente mentale<\/li>\n<\/ul>\n<p><strong>Remarque importante :<\/strong><br \/>\nMerci de t'inscrire par e-mail apr\u00e8s ta commande <a rel=\"noopener\">getfit@j-flows.ch<\/a>pour commencer ton entra\u00eenement.<\/p>","protected":false},"featured_media":518,"comment_status":"open","ping_status":"closed","template":"","meta":{"iawp_total_views":209},"product_brand":[],"product_cat":[17],"product_tag":[],"class_list":{"0":"post-478","1":"product","2":"type-product","3":"status-publish","4":"has-post-thumbnail","6":"product_cat-angebot","8":"first","9":"instock","10":"virtual","11":"sold-individually","12":"taxable","13":"purchasable","14":"product-type-simple","15":"add-to-wishlist-after_add_to_cart"},"_links":{"self":[{"href":"https:\/\/j-flows.ch\/fr\/wp-json\/wp\/v2\/product\/478","targetHints":{"allow":["GET"]}}],"collection":[{"href":"https:\/\/j-flows.ch\/fr\/wp-json\/wp\/v2\/product"}],"about":[{"href":"https:\/\/j-flows.ch\/fr\/wp-json\/wp\/v2\/types\/product"}],"replies":[{"embeddable":true,"href":"https:\/\/j-flows.ch\/fr\/wp-json\/wp\/v2\/comments?post=478"}],"wp:featuredmedia":[{"embeddable":true,"href":"https:\/\/j-flows.ch\/fr\/wp-json\/wp\/v2\/media\/518"}],"wp:attachment":[{"href":"https:\/\/j-flows.ch\/fr\/wp-json\/wp\/v2\/media?parent=478"}],"wp:term":[{"taxonomy":"product_brand","embeddable":true,"href":"https:\/\/j-flows.ch\/fr\/wp-json\/wp\/v2\/product_brand?post=478"},{"taxonomy":"product_cat","embeddable":true,"href":"https:\/\/j-flows.ch\/fr\/wp-json\/wp\/v2\/product_cat?post=478"},{"taxonomy":"product_tag","embeddable":true,"href":"https:\/\/j-flows.ch\/fr\/wp-json\/wp\/v2\/product_tag?post=478"}],"curies":[{"name":"wp","href":"https:\/\/api.w.org\/{rel}","templated":true}]}}