{"id":491,"date":"2024-08-12T13:46:00","date_gmt":"2024-08-12T11:46:00","guid":{"rendered":"https:\/\/j-flows.ch\/?page_id=491"},"modified":"2024-08-18T21:28:09","modified_gmt":"2024-08-18T19:28:09","slug":"conditions-generales-de-vente","status":"publish","type":"page","link":"https:\/\/j-flows.ch\/fr\/conditions-generales-de-vente\/","title":{"rendered":"Conditions g\u00e9n\u00e9rales de vente"},"content":{"rendered":"<h4><strong>CONDITIONS G\u00c9N\u00c9RALES DE VENTE<\/strong><br \/>\n<strong>Conditions g\u00e9n\u00e9rales de vente (CGV) pour les cours de stretching et de gymnastique pour enfants<\/strong><\/h4>\n<h4><\/h4>\n<h4>\n1. g\u00e9n\u00e9ralit\u00e9s<br \/>\n1.1 Les pr\u00e9sentes conditions g\u00e9n\u00e9rales de vente (CGV) s'appliquent \u00e0 tous les contrats conclus entre j-flows et les participants Pilatesflows.<br \/>\n1.2 En s'inscrivant \u00e0 un cours, le client accepte les pr\u00e9sentes CGV.<br \/>\n2. inscription et conclusion du contrat<br \/>\n2.1 L'inscription aux cours se fait en ligne (e-mail \/Instagram) ou en personne au studio.<br \/>\n2.2 Le contrat est conclu par la confirmation de l'inscription par j-flows.<br \/>\n3. conditions de paiement<br \/>\n3.1 Les frais de cours doivent \u00eatre pay\u00e9s avant ou imm\u00e9diatement apr\u00e8s le cours. Le paiement peut \u00eatre effectu\u00e9 par virement bancaire, Twint ou en esp\u00e8ces.<br \/>\n3.2 Les cartes multiples et les abonnements sont payables \u00e0 l'avance.<br \/>\n3.3 J-flows se r\u00e9serve le droit de modifier les prix \u00e0 tout moment.<br \/>\n4. annulation et remboursement<br \/>\n4.1 L'annulation d'une inscription est possible sans frais jusqu'\u00e0 24 heures avant le d\u00e9but du cours. Pass\u00e9 ce d\u00e9lai, la totalit\u00e9 des frais de cours est due.<br \/>\n4.2 En cas de maladie ou de blessure, le cours ou l'abonnement peut \u00eatre prolong\u00e9 pour la m\u00eame dur\u00e9e sur pr\u00e9sentation d'un certificat m\u00e9dical.<br \/>\n5. mise en \u0153uvre du cours<br \/>\n5.1 Le prestataire se r\u00e9serve le droit d'annuler ou de reporter un cours si le nombre de participants est insuffisant ou pour toute autre raison personnelle. Dans ce cas, un cr\u00e9dit ou un remboursement des frais de cours sera propos\u00e9.<br \/>\n5.2 Tous nos cours ont des places limit\u00e9es. Nous nous effor\u00e7ons d'offrir des places \u00e0 tous les participants aux cours. Toutefois, si un cours est complet, nous d\u00e9clinons toute responsabilit\u00e9 et aucun remboursement ou prolongation de l'abonnement ne sera effectu\u00e9 pour la p\u00e9riode pendant laquelle la participation n'est pas possible.<br \/>\n5.3 Le prestataire se r\u00e9serve le droit de changer de formateur.<br \/>\n6. abonnements<br \/>\n6.1 Enfants Les abonnements aux cours n'incluent pas la participation pendant les vacances scolaires (ville de Bienne). Pendant cette p\u00e9riode, des programmes de vacances sp\u00e9ciaux peuvent avoir lieu et doivent \u00eatre r\u00e9serv\u00e9s s\u00e9par\u00e9ment. Les cours n'ont pas lieu les jours f\u00e9ri\u00e9s l\u00e9gaux (canton de Berne). Il n'y a pas de rattrapage des cours annul\u00e9s et ceux-ci ne sont pas ajout\u00e9s \u00e0 l'abonnement. Un remboursement ou un cr\u00e9dit pour les cours qui n'ont pas eu lieu ces jours-l\u00e0 est exclu.<br \/>\n6.2 Platesflows adultes : aucun cours n'a lieu les jours f\u00e9ri\u00e9s l\u00e9gaux (canton de Berne). Il n'y a pas de rattrapage des cours annul\u00e9s et ceux-ci ne sont pas ajout\u00e9s \u00e0 l'abonnement. Un remboursement ou un cr\u00e9dit pour les cours qui n'ont pas eu lieu ces jours-l\u00e0 est exclu.<br \/>\n6.3 Si un participant part en vacances, l'abonnement se poursuit normalement pendant cette p\u00e9riode. Une interruption, une prolongation ou un remboursement de l'abonnement en raison d'une absence pour cause de vacances n'est pas possible. Dans des cas exceptionnels d'absences de tr\u00e8s longue dur\u00e9e, des dispositions individuelles peuvent \u00eatre prises.<br \/>\n7. responsabilit\u00e9<br \/>\n7.1 La participation aux cours se fait aux risques et p\u00e9rils du participant et l'assurance est \u00e0 sa charge. Le prestataire n'est pas responsable des accidents ou des blessures survenant pendant les cours ou sur le trajet vers et depuis les cours.<br \/>\n7.2 Il n'existe aucune responsabilit\u00e9 en cas de vol ou de dommages mat\u00e9riels des biens personnels des clients.<br \/>\n8. protection des donn\u00e9es<br \/>\n8.1 Le prestataire s'engage \u00e0 traiter les donn\u00e9es personnelles des clients conform\u00e9ment aux dispositions en vigueur en mati\u00e8re de protection des donn\u00e9es.<br \/>\n8.2 Les donn\u00e9es sont utilis\u00e9es exclusivement pour le d\u00e9roulement des cours, \u00e0 des fins d'information et pour l'envoi de notre propre publicit\u00e9 et ne sont pas transmises \u00e0 des tiers.<br \/>\n8.3 En s'inscrivant, le client accepte que des photos soient prises pendant les cours. Ces photos peuvent \u00eatre utilis\u00e9es par le prestataire \u00e0 des fins publicitaires sur le site Internet et dans les m\u00e9dias sociaux. Si le client ne le souhaite pas, il doit en informer le prestataire.<br \/>\n9. dispositions finales<br \/>\n9.1 Toute modification ou tout ajout aux pr\u00e9sentes CGV doit \u00eatre fait par \u00e9crit.<br \/>\n9.2 Si certaines dispositions des pr\u00e9sentes CGV s'av\u00e9raient nulles, la validit\u00e9 des autres dispositions n'en serait pas affect\u00e9e.<br \/>\n9.3 Le droit suisse est applicable. Le tribunal comp\u00e9tent est celui du si\u00e8ge du prestataire.<\/h4>","protected":false},"excerpt":{"rendered":"<p>AGB Allgemeine Gesch\u00e4ftsbedingungen (AGB) f\u00fcr Stretching- und Kinder-Gymnastik-Kurse 1. Allgemeines 1.1 Diese Allgemeinen Gesch\u00e4ftsbedingungen (AGB) gelten f\u00fcr alle Vertr\u00e4ge, die zwischen j-flows und den Pilatesflows Teilnehmern abgeschlossen werden. 1.2 Mit der Anmeldung zu einem Kurs akzeptiert der Kunde diese AGB. 2. Anmeldung und Vertragsschluss 2.1 Die Anmeldung zu den Kursen erfolgt online (E-Mail \/Instagram) oder [&#8230;]\n","protected":false},"author":1,"featured_media":0,"parent":0,"menu_order":0,"comment_status":"closed","ping_status":"closed","template":"","meta":{"iawp_total_views":13,"footnotes":""},"class_list":["post-491","page","type-page","status-publish","hentry"],"_links":{"self":[{"href":"https:\/\/j-flows.ch\/fr\/wp-json\/wp\/v2\/pages\/491","targetHints":{"allow":["GET"]}}],"collection":[{"href":"https:\/\/j-flows.ch\/fr\/wp-json\/wp\/v2\/pages"}],"about":[{"href":"https:\/\/j-flows.ch\/fr\/wp-json\/wp\/v2\/types\/page"}],"author":[{"embeddable":true,"href":"https:\/\/j-flows.ch\/fr\/wp-json\/wp\/v2\/users\/1"}],"replies":[{"embeddable":true,"href":"https:\/\/j-flows.ch\/fr\/wp-json\/wp\/v2\/comments?post=491"}],"version-history":[{"count":2,"href":"https:\/\/j-flows.ch\/fr\/wp-json\/wp\/v2\/pages\/491\/revisions"}],"predecessor-version":[{"id":679,"href":"https:\/\/j-flows.ch\/fr\/wp-json\/wp\/v2\/pages\/491\/revisions\/679"}],"wp:attachment":[{"href":"https:\/\/j-flows.ch\/fr\/wp-json\/wp\/v2\/media?parent=491"}],"curies":[{"name":"wp","href":"https:\/\/api.w.org\/{rel}","templated":true}]}}