{"id":332,"date":"2024-08-02T11:39:08","date_gmt":"2024-08-02T09:39:08","guid":{"rendered":"https:\/\/j-flows.ch\/?page_id=332"},"modified":"2024-08-19T01:43:28","modified_gmt":"2024-08-18T23:43:28","slug":"declaration-de-protection-des-donnees","status":"publish","type":"page","link":"https:\/\/j-flows.ch\/fr\/declaration-de-protection-des-donnees\/","title":{"rendered":"Politique de confidentialit\u00e9"},"content":{"rendered":"<div>Nous nous r\u00e9jouissons de l'int\u00e9r\u00eat que vous portez \u00e0 notre site web. La protection de votre vie priv\u00e9e est tr\u00e8s importante pour nous. Ci-dessous, nous vous informons en d\u00e9tail sur le traitement de vos donn\u00e9es.<\/div>\n<p><strong>Politique de confidentialit\u00e9<\/strong><br \/>\nDerni\u00e8re mise \u00e0 jour le 01-Ao\u00fbt-2024<br \/>\nDate d'entr\u00e9e en vigueur 01-ao\u00fbt-2024<\/p>\n<p>La pr\u00e9sente politique de confidentialit\u00e9 d\u00e9crit la politique de J-flows.ch e-mail : getfit@j-flows.ch, concernant la collecte, l'utilisation et la divulgation des donn\u00e9es que nous recueillons lorsque vous utilisez notre site web ( j-flows.ch ). (le \"Service\"). En acc\u00e9dant au Service ou en l'utilisant, vous consentez \u00e0 la collecte, \u00e0 l'utilisation et \u00e0 la divulgation de vos donn\u00e9es conform\u00e9ment \u00e0 la pr\u00e9sente politique de confidentialit\u00e9. Si vous ne l'acceptez pas, nous vous prions de ne pas utiliser le service.<br \/>\nNous pouvons modifier la pr\u00e9sente politique de confidentialit\u00e9 \u00e0 tout moment sans vous en informer au pr\u00e9alable et nous publierons la politique de confidentialit\u00e9 r\u00e9vis\u00e9e sur le Service. La politique r\u00e9vis\u00e9e entrera en vigueur 180 jours apr\u00e8s la publication de la politique r\u00e9vis\u00e9e sur le Service, et si vous continuez \u00e0 acc\u00e9der au Service ou \u00e0 l'utiliser apr\u00e8s cette date, vous acceptez la politique de confidentialit\u00e9 r\u00e9vis\u00e9e. Nous vous recommandons donc de consulter r\u00e9guli\u00e8rement cette page.<\/p>\n<div><strong>COMMENT NOUS PARTAGEONS VOS INFORMATIONS :<\/strong><\/div>\n<div>Nous ne partageons pas vos donn\u00e9es personnelles avec des tiers sans votre consentement, sauf dans les circonstances limit\u00e9es d\u00e9crites ci-dessous :<\/div>\n<div><\/div>\n<div><strong>Analytique<\/strong><\/div>\n<div>Nous exigeons de ces tiers qu'ils utilisent les donn\u00e9es \u00e0 caract\u00e8re personnel que nous leur transmettons uniquement aux fins pour lesquelles elles ont \u00e9t\u00e9 transmises et qu'ils ne les conservent pas plus longtemps qu'il n'est n\u00e9cessaire pour atteindre lesdites fins.<\/div>\n<div><\/div>\n<div>Nous pouvons \u00e9galement divulguer vos donn\u00e9es personnelles pour les raisons suivantes : (1) pour nous conformer aux lois, r\u00e9glementations, ordonnances judiciaires ou autres proc\u00e9dures l\u00e9gales en vigueur ; (2) pour faire respecter les accords que vous avez conclus avec nous, y compris la pr\u00e9sente politique de confidentialit\u00e9 ; ou (3) pour r\u00e9pondre \u00e0 des all\u00e9gations selon lesquelles votre utilisation du service porte atteinte aux droits de tiers. Si le Service ou notre soci\u00e9t\u00e9 est fusionn\u00e9 ou acquis par une autre soci\u00e9t\u00e9, vos donn\u00e9es feront partie des actifs transf\u00e9r\u00e9s au nouveau propri\u00e9taire.<\/div>\n<div><\/div>\n<div>\n<div>VOS DROITS :<\/div>\n<div>Selon la l\u00e9gislation en vigueur, vous avez le droit d'acc\u00e9der \u00e0 vos donn\u00e9es \u00e0 caract\u00e8re personnel et de les corriger ou de les supprimer ou d'obtenir une copie de vos donn\u00e9es \u00e0 caract\u00e8re personnel, de limiter le traitement actif de vos donn\u00e9es ou de vous y opposer, de nous demander de transf\u00e9rer vos donn\u00e9es \u00e0 caract\u00e8re personnel \u00e0 un autre organisme (portabilit\u00e9), de retirer le consentement que vous nous avez donn\u00e9 pour le traitement de vos donn\u00e9es, le droit de d\u00e9poser une plainte aupr\u00e8s d'une autorit\u00e9 l\u00e9gale, ainsi que d'autres droits qui peuvent \u00eatre pertinents selon la l\u00e9gislation en vigueur. Pour exercer ces droits, vous pouvez nous contacter par \u00e9crit \u00e0 l'adresse suivante : info@strom-preis-rechner.ch. Nous r\u00e9pondrons \u00e0 votre demande conform\u00e9ment \u00e0 la l\u00e9gislation en vigueur.<\/div>\n<div><\/div>\n<div>Veuillez noter que si vous ne nous autorisez pas \u00e0 collecter ou \u00e0 traiter les donn\u00e9es \u00e0 caract\u00e8re personnel requises, ou si vous retirez votre consentement au traitement de ces donn\u00e9es aux fins requises, il se peut que vous ne soyez pas en mesure d'acc\u00e9der aux services pour lesquels vos donn\u00e9es ont \u00e9t\u00e9 demand\u00e9es ou de les utiliser.<\/div>\n<\/div>\n<h5>UTILISATION DE COOKIES<\/h5>\n<p>Afin de rendre la visite de notre site web attrayante et de permettre l'utilisation de certaines fonctions, nous utilisons ce que l'on appelle des cookies sur diff\u00e9rentes pages.<\/p>\n<p>Il s'agit de petits fichiers texte qui sont enregistr\u00e9s sur votre terminal. Certains des cookies que nous utilisons sont supprim\u00e9s \u00e0 la fin de la session de navigation, c'est-\u00e0-dire apr\u00e8s la fermeture de votre navigateur (ce que l'on appelle les cookies de session).<\/p>\n<p>D'autres cookies restent sur votre terminal et nous permettent de reconna\u00eetre votre navigateur lors de votre prochaine visite (cookies dits de longue dur\u00e9e).<\/p>\n<p>Vous pouvez configurer votre navigateur de mani\u00e8re \u00e0 \u00eatre inform\u00e9 de l'installation de cookies et \u00e0 d\u00e9cider individuellement de leur acceptation ou \u00e0 exclure l'acceptation de cookies dans certains cas ou de mani\u00e8re g\u00e9n\u00e9rale. Si vous n'acceptez pas les cookies, la fonctionnalit\u00e9 de notre site web peut \u00eatre limit\u00e9e.<\/p>\n<h5><\/h5>\n<h5>UTILISATION DE GOOGLE ANALYTICS<\/h5>\n<p>Ce site web utilise Google Analytics, un service d'analyse web de la soci\u00e9t\u00e9\u00a0<strong><a href=\"https:\/\/www.google.de\/\" target=\"_blank\" rel=\"noopener\">Google Inc.<\/a><\/strong>. Google Analytics utilise des cookies qui permettent d'analyser l'utilisation du site.<\/p>\n<p>Les informations g\u00e9n\u00e9r\u00e9es par le cookie concernant l'utilisation de ce site web sont g\u00e9n\u00e9ralement transmises \u00e0 un serveur de Google aux \u00c9tats-Unis et y sont enregistr\u00e9es.<\/p>\n<p>En activant l'anonymisation IP sur ce site, l'adresse IP est raccourcie avant d'\u00eatre transmise dans les \u00c9tats membres de l'Union europ\u00e9enne ou dans d'autres \u00c9tats signataires de l'accord sur l'Espace \u00e9conomique europ\u00e9en. Ce n'est que dans des cas exceptionnels que l'adresse IP compl\u00e8te est transmise \u00e0 un serveur de Google aux \u00c9tats-Unis et y est abr\u00e9g\u00e9e. L'adresse IP anonymis\u00e9e transmise par votre navigateur dans le cadre de Google Analytics n'est pas fusionn\u00e9e avec d'autres donn\u00e9es de Google.<\/p>\n<p>Google utilisera ces informations pour le compte de l'exploitant de ce site web afin d'\u00e9valuer l'utilisation du site web, de compiler des rapports sur les activit\u00e9s du site web et de nous fournir d'autres services li\u00e9s \u00e0 l'utilisation du site web et d'Internet. L'adresse IP anonymis\u00e9e transmise par votre navigateur dans le cadre de Google Analytics ne sera pas recoup\u00e9e avec d'autres donn\u00e9es de Google.<\/p>\n<p>Vous pouvez emp\u00eacher l'enregistrement des cookies en param\u00e9trant votre logiciel de navigation en cons\u00e9quence ; nous attirons toutefois votre attention sur le fait que, dans ce cas, vous ne pourrez peut-\u00eatre pas utiliser toutes les fonctions de ce site web dans leur int\u00e9gralit\u00e9.<\/p>\n<p>Vous pouvez en outre emp\u00eacher la saisie par Google des donn\u00e9es g\u00e9n\u00e9r\u00e9es par le cookie et se rapportant \u00e0 votre utilisation du site web (y compris votre adresse IP) ainsi que le traitement de ces donn\u00e9es par Google, en utilisant le formulaire disponible sous le lien suivant\u00a0<strong><a href=\"https:\/\/tools.google.com\/dlpage\/gaoptout?hl=de\" target=\"_blank\" rel=\"noopener\">Plugin de navigateur<\/a><\/strong>\u00a0et l'installer.<\/p>\n<p>&nbsp;<\/p>\n<div>S\u00c9CURIT\u00c9 :<\/div>\n<div>La s\u00e9curit\u00e9 de vos donn\u00e9es est importante pour nous et nous prendrons les mesures de s\u00e9curit\u00e9 appropri\u00e9es pour \u00e9viter la perte, l'utilisation abusive ou la modification non autoris\u00e9e de vos donn\u00e9es sous notre contr\u00f4le. Toutefois, compte tenu des risques inh\u00e9rents, nous ne pouvons pas garantir une s\u00e9curit\u00e9 absolue et, par cons\u00e9quent, nous ne pouvons pas assurer ni garantir la s\u00e9curit\u00e9 des informations que vous nous transmettez, et vous le faites \u00e0 vos propres risques.<\/div>\n<div><\/div>\n<div>R\u00c9CLAMATION\/D\u00c9L\u00c9GU\u00c9 \u00c0 LA PROTECTION DES DONN\u00c9ES :<\/div>\n<div>Si vous avez des questions ou des pr\u00e9occupations concernant le traitement des donn\u00e9es que nous d\u00e9tenons \u00e0 votre sujet, vous pouvez contacter notre responsable des plaintes par e-mail : j-flows.ch, e-mail : getfit@j-flows.ch . Nous traiterons vos pr\u00e9occupations conform\u00e9ment \u00e0 la l\u00e9gislation en vigueur.<\/div>","protected":false},"excerpt":{"rendered":"<p>Wir freuen uns \u00fcber Ihr Interesse an unserer Website. Der Schutz Ihrer Privatsph\u00e4re ist f\u00fcr uns sehr wichtig. Nachstehend informieren wir Sie ausf\u00fchrlich \u00fcber den Umgang mit Ihren Daten. Datenschutzbestimmungen Zuletzt aktualisiert am 01-Aug-2024 Datum des Inkrafttretens 01-Aug-2024 Diese Datenschutzrichtlinie beschreibt die Richtlinien der J-flows.ch E-Mail: getfit@j-flows.ch, \u00fcber die Erfassung, Verwendung und Weitergabe Ihrer Daten, [&#8230;]\n","protected":false},"author":1,"featured_media":0,"parent":0,"menu_order":0,"comment_status":"closed","ping_status":"closed","template":"","meta":{"iawp_total_views":8,"footnotes":""},"class_list":["post-332","page","type-page","status-publish","hentry"],"_links":{"self":[{"href":"https:\/\/j-flows.ch\/fr\/wp-json\/wp\/v2\/pages\/332","targetHints":{"allow":["GET"]}}],"collection":[{"href":"https:\/\/j-flows.ch\/fr\/wp-json\/wp\/v2\/pages"}],"about":[{"href":"https:\/\/j-flows.ch\/fr\/wp-json\/wp\/v2\/types\/page"}],"author":[{"embeddable":true,"href":"https:\/\/j-flows.ch\/fr\/wp-json\/wp\/v2\/users\/1"}],"replies":[{"embeddable":true,"href":"https:\/\/j-flows.ch\/fr\/wp-json\/wp\/v2\/comments?post=332"}],"version-history":[{"count":2,"href":"https:\/\/j-flows.ch\/fr\/wp-json\/wp\/v2\/pages\/332\/revisions"}],"predecessor-version":[{"id":339,"href":"https:\/\/j-flows.ch\/fr\/wp-json\/wp\/v2\/pages\/332\/revisions\/339"}],"wp:attachment":[{"href":"https:\/\/j-flows.ch\/fr\/wp-json\/wp\/v2\/media?parent=332"}],"curies":[{"name":"wp","href":"https:\/\/api.w.org\/{rel}","templated":true}]}}